{"id":1253,"date":"2024-01-10T15:13:05","date_gmt":"2024-01-10T14:13:05","guid":{"rendered":"https:\/\/www.legaragephotographie.com\/?page_id=1253"},"modified":"2024-01-17T12:25:27","modified_gmt":"2024-01-17T11:25:27","slug":"ateliers-photo-jeunesse","status":"publish","type":"page","link":"https:\/\/www.legaragephotographie.com\/index.php\/ateliers-photo-jeunesse\/","title":{"rendered":"Ateliers photo Jeunesse"},"content":{"rendered":"\t\t<div data-elementor-type=\"wp-page\" data-elementor-id=\"1253\" class=\"elementor elementor-1253\" data-elementor-post-type=\"page\">\n\t\t\t\t<div class=\"elementor-element elementor-element-462d815 e-flex e-con-boxed e-con e-parent\" data-id=\"462d815\" data-element_type=\"container\" data-e-type=\"container\">\n\t\t\t\t\t<div class=\"e-con-inner\">\n\t\t\t\t<div class=\"elementor-element elementor-element-a0a7269 elementor-widget elementor-widget-heading\" data-id=\"a0a7269\" data-element_type=\"widget\" data-e-type=\"widget\" data-widget_type=\"heading.default\">\n\t\t\t\t<div class=\"elementor-widget-container\">\n\t\t\t\t\t<h2 class=\"elementor-heading-title elementor-size-large\">ATELIERS JEUNESSE<\/h2>\t\t\t\t<\/div>\n\t\t\t\t<\/div>\n\t\t\t\t\t<\/div>\n\t\t\t\t<\/div>\n\t\t<div class=\"elementor-element elementor-element-7464ee3 e-flex e-con-boxed e-con e-parent\" data-id=\"7464ee3\" data-element_type=\"container\" data-e-type=\"container\">\n\t\t\t\t\t<div class=\"e-con-inner\">\n\t\t\t\t<div class=\"elementor-element elementor-element-5ea85d7 elementor-widget elementor-widget-image\" data-id=\"5ea85d7\" data-element_type=\"widget\" data-e-type=\"widget\" data-widget_type=\"image.default\">\n\t\t\t\t<div class=\"elementor-widget-container\">\n\t\t\t\t\t\t\t\t\t\t\t\t\t\t\t<img fetchpriority=\"high\" decoding=\"async\" width=\"1024\" height=\"341\" src=\"https:\/\/www.legaragephotographie.com\/wp-content\/uploads\/2024\/01\/atelier-jeunesse-la-bricarde-le-garage-photographie.3-1024x341.jpg\" class=\"attachment-large size-large wp-image-1258\" alt=\"\" srcset=\"https:\/\/www.legaragephotographie.com\/wp-content\/uploads\/2024\/01\/atelier-jeunesse-la-bricarde-le-garage-photographie.3-1024x341.jpg 1024w, https:\/\/www.legaragephotographie.com\/wp-content\/uploads\/2024\/01\/atelier-jeunesse-la-bricarde-le-garage-photographie.3-300x100.jpg 300w, https:\/\/www.legaragephotographie.com\/wp-content\/uploads\/2024\/01\/atelier-jeunesse-la-bricarde-le-garage-photographie.3-768x256.jpg 768w, https:\/\/www.legaragephotographie.com\/wp-content\/uploads\/2024\/01\/atelier-jeunesse-la-bricarde-le-garage-photographie.3-1536x512.jpg 1536w, https:\/\/www.legaragephotographie.com\/wp-content\/uploads\/2024\/01\/atelier-jeunesse-la-bricarde-le-garage-photographie.3-600x200.jpg 600w, https:\/\/www.legaragephotographie.com\/wp-content\/uploads\/2024\/01\/atelier-jeunesse-la-bricarde-le-garage-photographie.3.jpg 1800w\" sizes=\"(max-width: 1024px) 100vw, 1024px\" \/>\t\t\t\t\t\t\t\t\t\t\t\t\t\t\t<\/div>\n\t\t\t\t<\/div>\n\t\t\t\t\t<\/div>\n\t\t\t\t<\/div>\n\t\t<div class=\"elementor-element elementor-element-5c044ab e-flex e-con-boxed e-con e-parent\" data-id=\"5c044ab\" data-element_type=\"container\" data-e-type=\"container\">\n\t\t\t\t\t<div class=\"e-con-inner\">\n\t\t\t\t<div class=\"elementor-element elementor-element-8c0972d elementor-widget elementor-widget-text-editor\" data-id=\"8c0972d\" data-element_type=\"widget\" data-e-type=\"widget\" data-widget_type=\"text-editor.default\">\n\t\t\t\t<div class=\"elementor-widget-container\">\n\t\t\t\t\t\t\t\t\t<h4 style=\"text-align: center;\">Nos enfants vivent aujourd\u2019hui dans un monde d\u2019images. Une sensibilisation \u00e0 la photographie par les Ateliers Photo Jeunesse propos\u00e9s par Le Garage Photographie leur permet de d\u00e9couvrir le langage de l\u2019image et de d\u00e9velopper un sens de l\u2019observation.<br \/>Il s\u2019agit l\u00e0 de donner \u00e0 l\u2019enfant (\u00e0 partir de 6 ans) les moyens personnels de s\u2019\u00e9panouir.<br \/><br \/>Le garage\u00a0photographie\u00a0travaille en collaboration avec des partenaires en milieu scolaire et socioculturel et d\u00e9veloppe des ateliers jeunesse sur mesure selon 4 grands principes :<br \/>1. La photographie est utilis\u00e9e comme moyen d\u2019expression<br \/>2. L\u2019\u00e9quipe p\u00e9dagogique \/ d\u2019animation est sensibilis\u00e9e en amont \u00e0 l\u2019atelier<br \/>3. Tout atelier s\u2019inscrit \u00a0dans une finalit\u00e9\u00a0: exposition, diaporama<br \/>4 Toutes les \u00e9tapes de la photographie sont abord\u00e9es\u00a0: prise de vue, lecture de planches contacts, choix final des images et des textes.<br \/><br \/>Les intervenants, sont des photographes confirm\u00e9s sp\u00e9cialis\u00e9s dans l\u2019animation de stages de photographie. Ils conjuguent p\u00e9dagogie et ma\u00eetrise technique. Avec 10 ans d\u2019exp\u00e9rience dans ce domaine.<\/h4>\t\t\t\t\t\t\t\t<\/div>\n\t\t\t\t<\/div>\n\t\t\t\t\t<\/div>\n\t\t\t\t<\/div>\n\t\t\t\t<\/div>\n\t\t","protected":false},"excerpt":{"rendered":"<p>ATELIERS JEUNESSE Nos enfants vivent aujourd\u2019hui dans un monde d\u2019images. Une sensibilisation \u00e0 la photographie par les Ateliers Photo Jeunesse propos\u00e9s par Le Garage Photographie leur permet de d\u00e9couvrir le langage de l\u2019image et de d\u00e9velopper un sens de l\u2019observation.Il s\u2019agit l\u00e0 de donner \u00e0 l\u2019enfant (\u00e0 partir de 6 ans) les moyens personnels de [&hellip;]<\/p>\n","protected":false},"author":1,"featured_media":0,"parent":0,"menu_order":0,"comment_status":"closed","ping_status":"closed","template":"","meta":{"ocean_post_layout":"","ocean_both_sidebars_style":"","ocean_both_sidebars_content_width":0,"ocean_both_sidebars_sidebars_width":0,"ocean_sidebar":"","ocean_second_sidebar":"","ocean_disable_margins":"enable","ocean_add_body_class":"","ocean_shortcode_before_top_bar":"","ocean_shortcode_after_top_bar":"","ocean_shortcode_before_header":"","ocean_shortcode_after_header":"","ocean_has_shortcode":"","ocean_shortcode_after_title":"","ocean_shortcode_before_footer_widgets":"","ocean_shortcode_after_footer_widgets":"","ocean_shortcode_before_footer_bottom":"","ocean_shortcode_after_footer_bottom":"","ocean_display_top_bar":"default","ocean_display_header":"default","ocean_header_style":"","ocean_center_header_left_menu":"","ocean_custom_header_template":"","ocean_custom_logo":0,"ocean_custom_retina_logo":0,"ocean_custom_logo_max_width":0,"ocean_custom_logo_tablet_max_width":0,"ocean_custom_logo_mobile_max_width":0,"ocean_custom_logo_max_height":0,"ocean_custom_logo_tablet_max_height":0,"ocean_custom_logo_mobile_max_height":0,"ocean_header_custom_menu":"","ocean_menu_typo_font_family":"","ocean_menu_typo_font_subset":"","ocean_menu_typo_font_size":0,"ocean_menu_typo_font_size_tablet":0,"ocean_menu_typo_font_size_mobile":0,"ocean_menu_typo_font_size_unit":"px","ocean_menu_typo_font_weight":"","ocean_menu_typo_font_weight_tablet":"","ocean_menu_typo_font_weight_mobile":"","ocean_menu_typo_transform":"","ocean_menu_typo_transform_tablet":"","ocean_menu_typo_transform_mobile":"","ocean_menu_typo_line_height":0,"ocean_menu_typo_line_height_tablet":0,"ocean_menu_typo_line_height_mobile":0,"ocean_menu_typo_line_height_unit":"","ocean_menu_typo_spacing":0,"ocean_menu_typo_spacing_tablet":0,"ocean_menu_typo_spacing_mobile":0,"ocean_menu_typo_spacing_unit":"","ocean_menu_link_color":"","ocean_menu_link_color_hover":"","ocean_menu_link_color_active":"","ocean_menu_link_background":"","ocean_menu_link_hover_background":"","ocean_menu_link_active_background":"","ocean_menu_social_links_bg":"","ocean_menu_social_hover_links_bg":"","ocean_menu_social_links_color":"","ocean_menu_social_hover_links_color":"","ocean_disable_title":"default","ocean_disable_heading":"default","ocean_post_title":"","ocean_post_subheading":"","ocean_post_title_style":"","ocean_post_title_background_color":"","ocean_post_title_background":0,"ocean_post_title_bg_image_position":"","ocean_post_title_bg_image_attachment":"","ocean_post_title_bg_image_repeat":"","ocean_post_title_bg_image_size":"","ocean_post_title_height":0,"ocean_post_title_bg_overlay":0.5,"ocean_post_title_bg_overlay_color":"","ocean_disable_breadcrumbs":"default","ocean_breadcrumbs_color":"","ocean_breadcrumbs_separator_color":"","ocean_breadcrumbs_links_color":"","ocean_breadcrumbs_links_hover_color":"","ocean_display_footer_widgets":"default","ocean_display_footer_bottom":"default","ocean_custom_footer_template":"","footnotes":""},"class_list":["post-1253","page","type-page","status-publish","hentry","entry"],"yoast_head":"<!-- This site is optimized with the Yoast SEO plugin v27.3 - https:\/\/yoast.com\/product\/yoast-seo-wordpress\/ -->\n<title>Ateliers photo Jeunesse - Le Garage Photographie, un lieu d\u00e9di\u00e9 \u00e0 la photographie \u00e0 Marseille<\/title>\n<meta name=\"description\" content=\"Ateliers Photo Jeunesse qui permettent de d\u00e9couvrir le langage de l\u2019image et de d\u00e9velopper un sens de l\u2019observation.\" \/>\n<meta name=\"robots\" content=\"index, follow, max-snippet:-1, max-image-preview:large, max-video-preview:-1\" \/>\n<link rel=\"canonical\" href=\"https:\/\/www.legaragephotographie.com\/index.php\/ateliers-photo-jeunesse\/\" \/>\n<meta property=\"og:locale\" content=\"fr_FR\" \/>\n<meta property=\"og:type\" content=\"article\" \/>\n<meta property=\"og:title\" content=\"Ateliers photo Jeunesse - Le Garage Photographie, un lieu d\u00e9di\u00e9 \u00e0 la photographie \u00e0 Marseille\" \/>\n<meta property=\"og:description\" content=\"Ateliers Photo Jeunesse qui permettent de d\u00e9couvrir le langage de l\u2019image et de d\u00e9velopper un sens de l\u2019observation.\" \/>\n<meta property=\"og:url\" content=\"https:\/\/www.legaragephotographie.com\/index.php\/ateliers-photo-jeunesse\/\" \/>\n<meta property=\"og:site_name\" content=\"Le Garage Photographie, un lieu d\u00e9di\u00e9 \u00e0 la photographie \u00e0 Marseille\" \/>\n<meta property=\"article:modified_time\" content=\"2024-01-17T11:25:27+00:00\" \/>\n<meta property=\"og:image\" content=\"https:\/\/www.legaragephotographie.com\/wp-content\/uploads\/2024\/01\/atelier-jeunesse-la-bricarde-le-garage-photographie.3-1024x341.jpg\" \/>\n<meta name=\"twitter:card\" content=\"summary_large_image\" \/>\n<meta name=\"twitter:label1\" content=\"Dur\u00e9e de lecture estim\u00e9e\" \/>\n\t<meta name=\"twitter:data1\" content=\"2 minutes\" \/>\n<script type=\"application\/ld+json\" class=\"yoast-schema-graph\">{\"@context\":\"https:\\\/\\\/schema.org\",\"@graph\":[{\"@type\":\"WebPage\",\"@id\":\"https:\\\/\\\/www.legaragephotographie.com\\\/index.php\\\/ateliers-photo-jeunesse\\\/\",\"url\":\"https:\\\/\\\/www.legaragephotographie.com\\\/index.php\\\/ateliers-photo-jeunesse\\\/\",\"name\":\"Ateliers photo Jeunesse - Le Garage Photographie, un lieu d\u00e9di\u00e9 \u00e0 la photographie \u00e0 Marseille\",\"isPartOf\":{\"@id\":\"https:\\\/\\\/www.legaragephotographie.com\\\/#website\"},\"primaryImageOfPage\":{\"@id\":\"https:\\\/\\\/www.legaragephotographie.com\\\/index.php\\\/ateliers-photo-jeunesse\\\/#primaryimage\"},\"image\":{\"@id\":\"https:\\\/\\\/www.legaragephotographie.com\\\/index.php\\\/ateliers-photo-jeunesse\\\/#primaryimage\"},\"thumbnailUrl\":\"https:\\\/\\\/www.legaragephotographie.com\\\/wp-content\\\/uploads\\\/2024\\\/01\\\/atelier-jeunesse-la-bricarde-le-garage-photographie.3-1024x341.jpg\",\"datePublished\":\"2024-01-10T14:13:05+00:00\",\"dateModified\":\"2024-01-17T11:25:27+00:00\",\"description\":\"Ateliers Photo Jeunesse qui permettent de d\u00e9couvrir le langage de l\u2019image et de d\u00e9velopper un sens de l\u2019observation.\",\"breadcrumb\":{\"@id\":\"https:\\\/\\\/www.legaragephotographie.com\\\/index.php\\\/ateliers-photo-jeunesse\\\/#breadcrumb\"},\"inLanguage\":\"fr-FR\",\"potentialAction\":[{\"@type\":\"ReadAction\",\"target\":[\"https:\\\/\\\/www.legaragephotographie.com\\\/index.php\\\/ateliers-photo-jeunesse\\\/\"]}]},{\"@type\":\"ImageObject\",\"inLanguage\":\"fr-FR\",\"@id\":\"https:\\\/\\\/www.legaragephotographie.com\\\/index.php\\\/ateliers-photo-jeunesse\\\/#primaryimage\",\"url\":\"https:\\\/\\\/www.legaragephotographie.com\\\/wp-content\\\/uploads\\\/2024\\\/01\\\/atelier-jeunesse-la-bricarde-le-garage-photographie.3.jpg\",\"contentUrl\":\"https:\\\/\\\/www.legaragephotographie.com\\\/wp-content\\\/uploads\\\/2024\\\/01\\\/atelier-jeunesse-la-bricarde-le-garage-photographie.3.jpg\",\"width\":1800,\"height\":600},{\"@type\":\"BreadcrumbList\",\"@id\":\"https:\\\/\\\/www.legaragephotographie.com\\\/index.php\\\/ateliers-photo-jeunesse\\\/#breadcrumb\",\"itemListElement\":[{\"@type\":\"ListItem\",\"position\":1,\"name\":\"Accueil\",\"item\":\"https:\\\/\\\/www.legaragephotographie.com\\\/\"},{\"@type\":\"ListItem\",\"position\":2,\"name\":\"Ateliers photo Jeunesse\"}]},{\"@type\":\"WebSite\",\"@id\":\"https:\\\/\\\/www.legaragephotographie.com\\\/#website\",\"url\":\"https:\\\/\\\/www.legaragephotographie.com\\\/\",\"name\":\"Le Garage Photographie, un lieu d\u00e9di\u00e9 \u00e0 la photographie \u00e0 Marseille\",\"description\":\"Stages et cours photo \u00e0 Marseille\",\"potentialAction\":[{\"@type\":\"SearchAction\",\"target\":{\"@type\":\"EntryPoint\",\"urlTemplate\":\"https:\\\/\\\/www.legaragephotographie.com\\\/?s={search_term_string}\"},\"query-input\":{\"@type\":\"PropertyValueSpecification\",\"valueRequired\":true,\"valueName\":\"search_term_string\"}}],\"inLanguage\":\"fr-FR\"}]}<\/script>\n<!-- \/ Yoast SEO plugin. -->","yoast_head_json":{"title":"Ateliers photo Jeunesse - Le Garage Photographie, un lieu d\u00e9di\u00e9 \u00e0 la photographie \u00e0 Marseille","description":"Ateliers Photo Jeunesse qui permettent de d\u00e9couvrir le langage de l\u2019image et de d\u00e9velopper un sens de l\u2019observation.","robots":{"index":"index","follow":"follow","max-snippet":"max-snippet:-1","max-image-preview":"max-image-preview:large","max-video-preview":"max-video-preview:-1"},"canonical":"https:\/\/www.legaragephotographie.com\/index.php\/ateliers-photo-jeunesse\/","og_locale":"fr_FR","og_type":"article","og_title":"Ateliers photo Jeunesse - Le Garage Photographie, un lieu d\u00e9di\u00e9 \u00e0 la photographie \u00e0 Marseille","og_description":"Ateliers Photo Jeunesse qui permettent de d\u00e9couvrir le langage de l\u2019image et de d\u00e9velopper un sens de l\u2019observation.","og_url":"https:\/\/www.legaragephotographie.com\/index.php\/ateliers-photo-jeunesse\/","og_site_name":"Le Garage Photographie, un lieu d\u00e9di\u00e9 \u00e0 la photographie \u00e0 Marseille","article_modified_time":"2024-01-17T11:25:27+00:00","og_image":[{"url":"https:\/\/www.legaragephotographie.com\/wp-content\/uploads\/2024\/01\/atelier-jeunesse-la-bricarde-le-garage-photographie.3-1024x341.jpg","type":"","width":"","height":""}],"twitter_card":"summary_large_image","twitter_misc":{"Dur\u00e9e de lecture estim\u00e9e":"2 minutes"},"schema":{"@context":"https:\/\/schema.org","@graph":[{"@type":"WebPage","@id":"https:\/\/www.legaragephotographie.com\/index.php\/ateliers-photo-jeunesse\/","url":"https:\/\/www.legaragephotographie.com\/index.php\/ateliers-photo-jeunesse\/","name":"Ateliers photo Jeunesse - Le Garage Photographie, un lieu d\u00e9di\u00e9 \u00e0 la photographie \u00e0 Marseille","isPartOf":{"@id":"https:\/\/www.legaragephotographie.com\/#website"},"primaryImageOfPage":{"@id":"https:\/\/www.legaragephotographie.com\/index.php\/ateliers-photo-jeunesse\/#primaryimage"},"image":{"@id":"https:\/\/www.legaragephotographie.com\/index.php\/ateliers-photo-jeunesse\/#primaryimage"},"thumbnailUrl":"https:\/\/www.legaragephotographie.com\/wp-content\/uploads\/2024\/01\/atelier-jeunesse-la-bricarde-le-garage-photographie.3-1024x341.jpg","datePublished":"2024-01-10T14:13:05+00:00","dateModified":"2024-01-17T11:25:27+00:00","description":"Ateliers Photo Jeunesse qui permettent de d\u00e9couvrir le langage de l\u2019image et de d\u00e9velopper un sens de l\u2019observation.","breadcrumb":{"@id":"https:\/\/www.legaragephotographie.com\/index.php\/ateliers-photo-jeunesse\/#breadcrumb"},"inLanguage":"fr-FR","potentialAction":[{"@type":"ReadAction","target":["https:\/\/www.legaragephotographie.com\/index.php\/ateliers-photo-jeunesse\/"]}]},{"@type":"ImageObject","inLanguage":"fr-FR","@id":"https:\/\/www.legaragephotographie.com\/index.php\/ateliers-photo-jeunesse\/#primaryimage","url":"https:\/\/www.legaragephotographie.com\/wp-content\/uploads\/2024\/01\/atelier-jeunesse-la-bricarde-le-garage-photographie.3.jpg","contentUrl":"https:\/\/www.legaragephotographie.com\/wp-content\/uploads\/2024\/01\/atelier-jeunesse-la-bricarde-le-garage-photographie.3.jpg","width":1800,"height":600},{"@type":"BreadcrumbList","@id":"https:\/\/www.legaragephotographie.com\/index.php\/ateliers-photo-jeunesse\/#breadcrumb","itemListElement":[{"@type":"ListItem","position":1,"name":"Accueil","item":"https:\/\/www.legaragephotographie.com\/"},{"@type":"ListItem","position":2,"name":"Ateliers photo Jeunesse"}]},{"@type":"WebSite","@id":"https:\/\/www.legaragephotographie.com\/#website","url":"https:\/\/www.legaragephotographie.com\/","name":"Le Garage Photographie, un lieu d\u00e9di\u00e9 \u00e0 la photographie \u00e0 Marseille","description":"Stages et cours photo \u00e0 Marseille","potentialAction":[{"@type":"SearchAction","target":{"@type":"EntryPoint","urlTemplate":"https:\/\/www.legaragephotographie.com\/?s={search_term_string}"},"query-input":{"@type":"PropertyValueSpecification","valueRequired":true,"valueName":"search_term_string"}}],"inLanguage":"fr-FR"}]}},"jetpack_likes_enabled":true,"jetpack_sharing_enabled":true,"_links":{"self":[{"href":"https:\/\/www.legaragephotographie.com\/index.php\/wp-json\/wp\/v2\/pages\/1253","targetHints":{"allow":["GET"]}}],"collection":[{"href":"https:\/\/www.legaragephotographie.com\/index.php\/wp-json\/wp\/v2\/pages"}],"about":[{"href":"https:\/\/www.legaragephotographie.com\/index.php\/wp-json\/wp\/v2\/types\/page"}],"author":[{"embeddable":true,"href":"https:\/\/www.legaragephotographie.com\/index.php\/wp-json\/wp\/v2\/users\/1"}],"replies":[{"embeddable":true,"href":"https:\/\/www.legaragephotographie.com\/index.php\/wp-json\/wp\/v2\/comments?post=1253"}],"version-history":[{"count":7,"href":"https:\/\/www.legaragephotographie.com\/index.php\/wp-json\/wp\/v2\/pages\/1253\/revisions"}],"predecessor-version":[{"id":1261,"href":"https:\/\/www.legaragephotographie.com\/index.php\/wp-json\/wp\/v2\/pages\/1253\/revisions\/1261"}],"wp:attachment":[{"href":"https:\/\/www.legaragephotographie.com\/index.php\/wp-json\/wp\/v2\/media?parent=1253"}],"curies":[{"name":"wp","href":"https:\/\/api.w.org\/{rel}","templated":true}]}}