{"id":1240,"date":"2024-01-10T14:55:11","date_gmt":"2024-01-10T13:55:11","guid":{"rendered":"https:\/\/www.legaragephotographie.com\/?page_id=1240"},"modified":"2024-01-17T12:27:09","modified_gmt":"2024-01-17T11:27:09","slug":"ateliers-seniors","status":"publish","type":"page","link":"https:\/\/www.legaragephotographie.com\/index.php\/ateliers-seniors\/","title":{"rendered":"ATELIERS SENIORS"},"content":{"rendered":"\t\t<div data-elementor-type=\"wp-page\" data-elementor-id=\"1240\" class=\"elementor elementor-1240\" data-elementor-post-type=\"page\">\n\t\t\t\t<div class=\"elementor-element elementor-element-7a9097b e-flex e-con-boxed e-con e-parent\" data-id=\"7a9097b\" data-element_type=\"container\" data-e-type=\"container\">\n\t\t\t\t\t<div class=\"e-con-inner\">\n\t\t\t\t<div class=\"elementor-element elementor-element-5907a79 elementor-widget elementor-widget-heading\" data-id=\"5907a79\" data-element_type=\"widget\" data-e-type=\"widget\" data-widget_type=\"heading.default\">\n\t\t\t\t<div class=\"elementor-widget-container\">\n\t\t\t\t\t<h2 class=\"elementor-heading-title elementor-size-large\">ATELIER SENIORS<\/h2>\t\t\t\t<\/div>\n\t\t\t\t<\/div>\n\t\t\t\t\t<\/div>\n\t\t\t\t<\/div>\n\t\t<div class=\"elementor-element elementor-element-ecbb8d9 e-flex e-con-boxed e-con e-parent\" data-id=\"ecbb8d9\" data-element_type=\"container\" data-e-type=\"container\">\n\t\t\t\t\t<div class=\"e-con-inner\">\n\t\t\t\t<div class=\"elementor-element elementor-element-14e4406 elementor-widget elementor-widget-image\" data-id=\"14e4406\" data-element_type=\"widget\" data-e-type=\"widget\" data-widget_type=\"image.default\">\n\t\t\t\t<div class=\"elementor-widget-container\">\n\t\t\t\t\t\t\t\t\t\t\t\t\t\t\t<img fetchpriority=\"high\" decoding=\"async\" width=\"1024\" height=\"352\" src=\"https:\/\/www.legaragephotographie.com\/wp-content\/uploads\/2024\/01\/ateliers-seniors-le-garage-photographie_01-2-1024x352.jpg\" class=\"attachment-large size-large wp-image-1245\" alt=\"\" srcset=\"https:\/\/www.legaragephotographie.com\/wp-content\/uploads\/2024\/01\/ateliers-seniors-le-garage-photographie_01-2-1024x352.jpg 1024w, https:\/\/www.legaragephotographie.com\/wp-content\/uploads\/2024\/01\/ateliers-seniors-le-garage-photographie_01-2-300x103.jpg 300w, https:\/\/www.legaragephotographie.com\/wp-content\/uploads\/2024\/01\/ateliers-seniors-le-garage-photographie_01-2-768x264.jpg 768w, https:\/\/www.legaragephotographie.com\/wp-content\/uploads\/2024\/01\/ateliers-seniors-le-garage-photographie_01-2-600x206.jpg 600w, https:\/\/www.legaragephotographie.com\/wp-content\/uploads\/2024\/01\/ateliers-seniors-le-garage-photographie_01-2.jpg 1500w\" sizes=\"(max-width: 1024px) 100vw, 1024px\" \/>\t\t\t\t\t\t\t\t\t\t\t\t\t\t\t<\/div>\n\t\t\t\t<\/div>\n\t\t\t\t\t<\/div>\n\t\t\t\t<\/div>\n\t\t<div class=\"elementor-element elementor-element-8d477b9 e-flex e-con-boxed e-con e-parent\" data-id=\"8d477b9\" data-element_type=\"container\" data-e-type=\"container\">\n\t\t\t\t\t<div class=\"e-con-inner\">\n\t\t\t\t<div class=\"elementor-element elementor-element-9ea8764 elementor-widget elementor-widget-text-editor\" data-id=\"9ea8764\" data-element_type=\"widget\" data-e-type=\"widget\" data-widget_type=\"text-editor.default\">\n\t\t\t\t<div class=\"elementor-widget-container\">\n\t\t\t\t\t\t\t\t\t<p><strong>LE GARAGE PHOTOGRAPHIE\u00a0propose \u00e0 une population de retrait\u00e9s de pratiquer la photographie sous forme de stages courts durant les vacances scolaires, au sein de petits groupes et dans une ambiance conviviale.<\/strong><\/p><p>\u00a0<\/p><p>OBJECTIFS<\/p><p>\u2713 Faire de ces stages des moments privil\u00e9gi\u00e9s, de rencontre et d\u2019\u00e9changes, au sein de petits groupes<\/p><p>\u2713 Permettre un apprentissage technique, dans la convivialit\u00e9 et la bonne humeur<\/p><p>\u2713 Favoriser la cr\u00e9ativit\u00e9 de chacun par une approche individualis\u00e9e<\/p>\t\t\t\t\t\t\t\t<\/div>\n\t\t\t\t<\/div>\n\t\t\t\t\t<\/div>\n\t\t\t\t<\/div>\n\t\t\t\t<\/div>\n\t\t","protected":false},"excerpt":{"rendered":"<p>ATELIER SENIORS LE GARAGE PHOTOGRAPHIE\u00a0propose \u00e0 une population de retrait\u00e9s de pratiquer la photographie sous forme de stages courts durant les vacances scolaires, au sein de petits groupes et dans une ambiance conviviale. \u00a0 OBJECTIFS \u2713 Faire de ces stages des moments privil\u00e9gi\u00e9s, de rencontre et d\u2019\u00e9changes, au sein de petits groupes \u2713 Permettre un [&hellip;]<\/p>\n","protected":false},"author":1,"featured_media":0,"parent":0,"menu_order":0,"comment_status":"closed","ping_status":"closed","template":"","meta":{"ocean_post_layout":"","ocean_both_sidebars_style":"","ocean_both_sidebars_content_width":0,"ocean_both_sidebars_sidebars_width":0,"ocean_sidebar":"","ocean_second_sidebar":"","ocean_disable_margins":"enable","ocean_add_body_class":"","ocean_shortcode_before_top_bar":"","ocean_shortcode_after_top_bar":"","ocean_shortcode_before_header":"","ocean_shortcode_after_header":"","ocean_has_shortcode":"","ocean_shortcode_after_title":"","ocean_shortcode_before_footer_widgets":"","ocean_shortcode_after_footer_widgets":"","ocean_shortcode_before_footer_bottom":"","ocean_shortcode_after_footer_bottom":"","ocean_display_top_bar":"default","ocean_display_header":"default","ocean_header_style":"","ocean_center_header_left_menu":"","ocean_custom_header_template":"","ocean_custom_logo":0,"ocean_custom_retina_logo":0,"ocean_custom_logo_max_width":0,"ocean_custom_logo_tablet_max_width":0,"ocean_custom_logo_mobile_max_width":0,"ocean_custom_logo_max_height":0,"ocean_custom_logo_tablet_max_height":0,"ocean_custom_logo_mobile_max_height":0,"ocean_header_custom_menu":"","ocean_menu_typo_font_family":"","ocean_menu_typo_font_subset":"","ocean_menu_typo_font_size":0,"ocean_menu_typo_font_size_tablet":0,"ocean_menu_typo_font_size_mobile":0,"ocean_menu_typo_font_size_unit":"px","ocean_menu_typo_font_weight":"","ocean_menu_typo_font_weight_tablet":"","ocean_menu_typo_font_weight_mobile":"","ocean_menu_typo_transform":"","ocean_menu_typo_transform_tablet":"","ocean_menu_typo_transform_mobile":"","ocean_menu_typo_line_height":0,"ocean_menu_typo_line_height_tablet":0,"ocean_menu_typo_line_height_mobile":0,"ocean_menu_typo_line_height_unit":"","ocean_menu_typo_spacing":0,"ocean_menu_typo_spacing_tablet":0,"ocean_menu_typo_spacing_mobile":0,"ocean_menu_typo_spacing_unit":"","ocean_menu_link_color":"","ocean_menu_link_color_hover":"","ocean_menu_link_color_active":"","ocean_menu_link_background":"","ocean_menu_link_hover_background":"","ocean_menu_link_active_background":"","ocean_menu_social_links_bg":"","ocean_menu_social_hover_links_bg":"","ocean_menu_social_links_color":"","ocean_menu_social_hover_links_color":"","ocean_disable_title":"default","ocean_disable_heading":"default","ocean_post_title":"","ocean_post_subheading":"","ocean_post_title_style":"","ocean_post_title_background_color":"","ocean_post_title_background":0,"ocean_post_title_bg_image_position":"","ocean_post_title_bg_image_attachment":"","ocean_post_title_bg_image_repeat":"","ocean_post_title_bg_image_size":"","ocean_post_title_height":0,"ocean_post_title_bg_overlay":0.5,"ocean_post_title_bg_overlay_color":"","ocean_disable_breadcrumbs":"default","ocean_breadcrumbs_color":"","ocean_breadcrumbs_separator_color":"","ocean_breadcrumbs_links_color":"","ocean_breadcrumbs_links_hover_color":"","ocean_display_footer_widgets":"default","ocean_display_footer_bottom":"default","ocean_custom_footer_template":"","footnotes":""},"class_list":["post-1240","page","type-page","status-publish","hentry","entry"],"yoast_head":"<!-- This site is optimized with the Yoast SEO plugin v27.3 - https:\/\/yoast.com\/product\/yoast-seo-wordpress\/ -->\n<title>ATELIERS SENIORS - Le Garage Photographie, un lieu d\u00e9di\u00e9 \u00e0 la photographie \u00e0 Marseille<\/title>\n<meta name=\"description\" content=\"Des ateliers photo pour les seniors pour faire de ces stages des moments privil\u00e9gi\u00e9s, de rencontre et d\u2019\u00e9changes, au sein de petits groupes\" \/>\n<meta name=\"robots\" content=\"index, follow, max-snippet:-1, max-image-preview:large, max-video-preview:-1\" \/>\n<link rel=\"canonical\" href=\"https:\/\/www.legaragephotographie.com\/index.php\/ateliers-seniors\/\" \/>\n<meta property=\"og:locale\" content=\"fr_FR\" \/>\n<meta property=\"og:type\" content=\"article\" \/>\n<meta property=\"og:title\" content=\"ATELIERS SENIORS - Le Garage Photographie, un lieu d\u00e9di\u00e9 \u00e0 la photographie \u00e0 Marseille\" \/>\n<meta property=\"og:description\" content=\"Des ateliers photo pour les seniors pour faire de ces stages des moments privil\u00e9gi\u00e9s, de rencontre et d\u2019\u00e9changes, au sein de petits groupes\" \/>\n<meta property=\"og:url\" content=\"https:\/\/www.legaragephotographie.com\/index.php\/ateliers-seniors\/\" \/>\n<meta property=\"og:site_name\" content=\"Le Garage Photographie, un lieu d\u00e9di\u00e9 \u00e0 la photographie \u00e0 Marseille\" \/>\n<meta property=\"article:modified_time\" content=\"2024-01-17T11:27:09+00:00\" \/>\n<meta property=\"og:image\" content=\"https:\/\/www.legaragephotographie.com\/wp-content\/uploads\/2024\/01\/ateliers-seniors-le-garage-photographie_01-2-1024x352.jpg\" \/>\n<meta name=\"twitter:card\" content=\"summary_large_image\" \/>\n<meta name=\"twitter:label1\" content=\"Dur\u00e9e de lecture estim\u00e9e\" \/>\n\t<meta name=\"twitter:data1\" content=\"1 minute\" \/>\n<script type=\"application\/ld+json\" class=\"yoast-schema-graph\">{\"@context\":\"https:\\\/\\\/schema.org\",\"@graph\":[{\"@type\":\"WebPage\",\"@id\":\"https:\\\/\\\/www.legaragephotographie.com\\\/index.php\\\/ateliers-seniors\\\/\",\"url\":\"https:\\\/\\\/www.legaragephotographie.com\\\/index.php\\\/ateliers-seniors\\\/\",\"name\":\"ATELIERS SENIORS - Le Garage Photographie, un lieu d\u00e9di\u00e9 \u00e0 la photographie \u00e0 Marseille\",\"isPartOf\":{\"@id\":\"https:\\\/\\\/www.legaragephotographie.com\\\/#website\"},\"primaryImageOfPage\":{\"@id\":\"https:\\\/\\\/www.legaragephotographie.com\\\/index.php\\\/ateliers-seniors\\\/#primaryimage\"},\"image\":{\"@id\":\"https:\\\/\\\/www.legaragephotographie.com\\\/index.php\\\/ateliers-seniors\\\/#primaryimage\"},\"thumbnailUrl\":\"https:\\\/\\\/www.legaragephotographie.com\\\/wp-content\\\/uploads\\\/2024\\\/01\\\/ateliers-seniors-le-garage-photographie_01-2-1024x352.jpg\",\"datePublished\":\"2024-01-10T13:55:11+00:00\",\"dateModified\":\"2024-01-17T11:27:09+00:00\",\"description\":\"Des ateliers photo pour les seniors pour faire de ces stages des moments privil\u00e9gi\u00e9s, de rencontre et d\u2019\u00e9changes, au sein de petits groupes\",\"breadcrumb\":{\"@id\":\"https:\\\/\\\/www.legaragephotographie.com\\\/index.php\\\/ateliers-seniors\\\/#breadcrumb\"},\"inLanguage\":\"fr-FR\",\"potentialAction\":[{\"@type\":\"ReadAction\",\"target\":[\"https:\\\/\\\/www.legaragephotographie.com\\\/index.php\\\/ateliers-seniors\\\/\"]}]},{\"@type\":\"ImageObject\",\"inLanguage\":\"fr-FR\",\"@id\":\"https:\\\/\\\/www.legaragephotographie.com\\\/index.php\\\/ateliers-seniors\\\/#primaryimage\",\"url\":\"https:\\\/\\\/www.legaragephotographie.com\\\/wp-content\\\/uploads\\\/2024\\\/01\\\/ateliers-seniors-le-garage-photographie_01-2.jpg\",\"contentUrl\":\"https:\\\/\\\/www.legaragephotographie.com\\\/wp-content\\\/uploads\\\/2024\\\/01\\\/ateliers-seniors-le-garage-photographie_01-2.jpg\",\"width\":1500,\"height\":515},{\"@type\":\"BreadcrumbList\",\"@id\":\"https:\\\/\\\/www.legaragephotographie.com\\\/index.php\\\/ateliers-seniors\\\/#breadcrumb\",\"itemListElement\":[{\"@type\":\"ListItem\",\"position\":1,\"name\":\"Accueil\",\"item\":\"https:\\\/\\\/www.legaragephotographie.com\\\/\"},{\"@type\":\"ListItem\",\"position\":2,\"name\":\"ATELIERS SENIORS\"}]},{\"@type\":\"WebSite\",\"@id\":\"https:\\\/\\\/www.legaragephotographie.com\\\/#website\",\"url\":\"https:\\\/\\\/www.legaragephotographie.com\\\/\",\"name\":\"Le Garage Photographie, un lieu d\u00e9di\u00e9 \u00e0 la photographie \u00e0 Marseille\",\"description\":\"Stages et cours photo \u00e0 Marseille\",\"potentialAction\":[{\"@type\":\"SearchAction\",\"target\":{\"@type\":\"EntryPoint\",\"urlTemplate\":\"https:\\\/\\\/www.legaragephotographie.com\\\/?s={search_term_string}\"},\"query-input\":{\"@type\":\"PropertyValueSpecification\",\"valueRequired\":true,\"valueName\":\"search_term_string\"}}],\"inLanguage\":\"fr-FR\"}]}<\/script>\n<!-- \/ Yoast SEO plugin. -->","yoast_head_json":{"title":"ATELIERS SENIORS - Le Garage Photographie, un lieu d\u00e9di\u00e9 \u00e0 la photographie \u00e0 Marseille","description":"Des ateliers photo pour les seniors pour faire de ces stages des moments privil\u00e9gi\u00e9s, de rencontre et d\u2019\u00e9changes, au sein de petits groupes","robots":{"index":"index","follow":"follow","max-snippet":"max-snippet:-1","max-image-preview":"max-image-preview:large","max-video-preview":"max-video-preview:-1"},"canonical":"https:\/\/www.legaragephotographie.com\/index.php\/ateliers-seniors\/","og_locale":"fr_FR","og_type":"article","og_title":"ATELIERS SENIORS - Le Garage Photographie, un lieu d\u00e9di\u00e9 \u00e0 la photographie \u00e0 Marseille","og_description":"Des ateliers photo pour les seniors pour faire de ces stages des moments privil\u00e9gi\u00e9s, de rencontre et d\u2019\u00e9changes, au sein de petits groupes","og_url":"https:\/\/www.legaragephotographie.com\/index.php\/ateliers-seniors\/","og_site_name":"Le Garage Photographie, un lieu d\u00e9di\u00e9 \u00e0 la photographie \u00e0 Marseille","article_modified_time":"2024-01-17T11:27:09+00:00","og_image":[{"url":"https:\/\/www.legaragephotographie.com\/wp-content\/uploads\/2024\/01\/ateliers-seniors-le-garage-photographie_01-2-1024x352.jpg","type":"","width":"","height":""}],"twitter_card":"summary_large_image","twitter_misc":{"Dur\u00e9e de lecture estim\u00e9e":"1 minute"},"schema":{"@context":"https:\/\/schema.org","@graph":[{"@type":"WebPage","@id":"https:\/\/www.legaragephotographie.com\/index.php\/ateliers-seniors\/","url":"https:\/\/www.legaragephotographie.com\/index.php\/ateliers-seniors\/","name":"ATELIERS SENIORS - Le Garage Photographie, un lieu d\u00e9di\u00e9 \u00e0 la photographie \u00e0 Marseille","isPartOf":{"@id":"https:\/\/www.legaragephotographie.com\/#website"},"primaryImageOfPage":{"@id":"https:\/\/www.legaragephotographie.com\/index.php\/ateliers-seniors\/#primaryimage"},"image":{"@id":"https:\/\/www.legaragephotographie.com\/index.php\/ateliers-seniors\/#primaryimage"},"thumbnailUrl":"https:\/\/www.legaragephotographie.com\/wp-content\/uploads\/2024\/01\/ateliers-seniors-le-garage-photographie_01-2-1024x352.jpg","datePublished":"2024-01-10T13:55:11+00:00","dateModified":"2024-01-17T11:27:09+00:00","description":"Des ateliers photo pour les seniors pour faire de ces stages des moments privil\u00e9gi\u00e9s, de rencontre et d\u2019\u00e9changes, au sein de petits groupes","breadcrumb":{"@id":"https:\/\/www.legaragephotographie.com\/index.php\/ateliers-seniors\/#breadcrumb"},"inLanguage":"fr-FR","potentialAction":[{"@type":"ReadAction","target":["https:\/\/www.legaragephotographie.com\/index.php\/ateliers-seniors\/"]}]},{"@type":"ImageObject","inLanguage":"fr-FR","@id":"https:\/\/www.legaragephotographie.com\/index.php\/ateliers-seniors\/#primaryimage","url":"https:\/\/www.legaragephotographie.com\/wp-content\/uploads\/2024\/01\/ateliers-seniors-le-garage-photographie_01-2.jpg","contentUrl":"https:\/\/www.legaragephotographie.com\/wp-content\/uploads\/2024\/01\/ateliers-seniors-le-garage-photographie_01-2.jpg","width":1500,"height":515},{"@type":"BreadcrumbList","@id":"https:\/\/www.legaragephotographie.com\/index.php\/ateliers-seniors\/#breadcrumb","itemListElement":[{"@type":"ListItem","position":1,"name":"Accueil","item":"https:\/\/www.legaragephotographie.com\/"},{"@type":"ListItem","position":2,"name":"ATELIERS SENIORS"}]},{"@type":"WebSite","@id":"https:\/\/www.legaragephotographie.com\/#website","url":"https:\/\/www.legaragephotographie.com\/","name":"Le Garage Photographie, un lieu d\u00e9di\u00e9 \u00e0 la photographie \u00e0 Marseille","description":"Stages et cours photo \u00e0 Marseille","potentialAction":[{"@type":"SearchAction","target":{"@type":"EntryPoint","urlTemplate":"https:\/\/www.legaragephotographie.com\/?s={search_term_string}"},"query-input":{"@type":"PropertyValueSpecification","valueRequired":true,"valueName":"search_term_string"}}],"inLanguage":"fr-FR"}]}},"jetpack_likes_enabled":true,"jetpack_sharing_enabled":true,"_links":{"self":[{"href":"https:\/\/www.legaragephotographie.com\/index.php\/wp-json\/wp\/v2\/pages\/1240","targetHints":{"allow":["GET"]}}],"collection":[{"href":"https:\/\/www.legaragephotographie.com\/index.php\/wp-json\/wp\/v2\/pages"}],"about":[{"href":"https:\/\/www.legaragephotographie.com\/index.php\/wp-json\/wp\/v2\/types\/page"}],"author":[{"embeddable":true,"href":"https:\/\/www.legaragephotographie.com\/index.php\/wp-json\/wp\/v2\/users\/1"}],"replies":[{"embeddable":true,"href":"https:\/\/www.legaragephotographie.com\/index.php\/wp-json\/wp\/v2\/comments?post=1240"}],"version-history":[{"count":7,"href":"https:\/\/www.legaragephotographie.com\/index.php\/wp-json\/wp\/v2\/pages\/1240\/revisions"}],"predecessor-version":[{"id":1248,"href":"https:\/\/www.legaragephotographie.com\/index.php\/wp-json\/wp\/v2\/pages\/1240\/revisions\/1248"}],"wp:attachment":[{"href":"https:\/\/www.legaragephotographie.com\/index.php\/wp-json\/wp\/v2\/media?parent=1240"}],"curies":[{"name":"wp","href":"https:\/\/api.w.org\/{rel}","templated":true}]}}